{"id":277,"date":"2021-11-17T15:21:13","date_gmt":"2021-11-17T15:21:13","guid":{"rendered":"https:\/\/oficina23.com.mx\/?page_id=277"},"modified":"2021-11-24T20:57:51","modified_gmt":"2021-11-24T20:57:51","slug":"renta-de-oficinas-fisicas-cdmx","status":"publish","type":"page","link":"https:\/\/oficina23.com.mx\/index.php\/renta-de-oficinas-fisicas-cdmx\/","title":{"rendered":"Renta de Oficina F\u00edsica"},"content":{"rendered":"\n[et_pb_section fb_built=\u00bb1&#8243; custom_padding_last_edited=\u00bboff|desktop\u00bb admin_label=\u00bbHeader\u00bb _builder_version=\u00bb4.13.0&#8243; use_background_color_gradient=\u00bbon\u00bb background_color_gradient_start=\u00bbrgba(140,148,148,0.56)\u00bb background_color_gradient_end=\u00bbrgba(0,0,0,0.85)\u00bb background_color_gradient_start_position=\u00bb30%\u00bb background_color_gradient_overlays_image=\u00bbon\u00bb background_image=\u00bbhttps:\/\/oficina23.com.mx\/wp-content\/uploads\/2021\/11\/Fachada1-scaled.jpg\u00bb custom_padding=\u00bb8vw||12vw||false|false\u00bb custom_padding_tablet=\u00bb||||false|false\u00bb custom_padding_phone=\u00bb||||false|false\u00bb locked=\u00bboff\u00bb global_colors_info=\u00bb{}\u00bb][et_pb_row column_structure=\u00bb1_2,1_2&#8243; make_equal=\u00bbon\u00bb _builder_version=\u00bb4.13.0&#8243; max_width=\u00bb1200px\u00bb custom_padding=\u00bb4%|0%|0px|4%|false|false\u00bb border_color_all=\u00bb#16252D\u00bb border_width_bottom=\u00bb8px\u00bb border_color_bottom=\u00bbgcid-e65d04dd-e92e-4ec7-b2eb-243a7f89dd78&#8243; border_width_left=\u00bb8px\u00bb border_color_left=\u00bbgcid-e65d04dd-e92e-4ec7-b2eb-243a7f89dd78&#8243; locked=\u00bboff\u00bb global_colors_info=\u00bb{%22gcid-e65d04dd-e92e-4ec7-b2eb-243a7f89dd78%22:%91%22border_color_bottom%22,%22border_color_left%22%93}\u00bb][et_pb_column type=\u00bb1_2&#8243; _builder_version=\u00bb4.4.7&#8243; custom_padding=\u00bb||4%||false|false\u00bb global_colors_info=\u00bb{}\u00bb][et_pb_text _builder_version=\u00bb4.13.0&#8243; header_font=\u00bbHeebo|900||on|||||\u00bb header_font_size=\u00bb60px\u00bb header_letter_spacing=\u00bb2px\u00bb header_line_height=\u00bb1.2em\u00bb background_layout=\u00bbdark\u00bb header_font_size_tablet=\u00bb40px\u00bb header_font_size_phone=\u00bb24px\u00bb header_font_size_last_edited=\u00bbon|phone\u00bb locked=\u00bboff\u00bb global_colors_info=\u00bb{}\u00bb]<h1>Oficina F\u00edsica<\/h1>[\/et_pb_text][\/et_pb_column][et_pb_column type=\u00bb1_2&#8243; _builder_version=\u00bb4.4.7&#8243; global_colors_info=\u00bb{}\u00bb][\/et_pb_column][\/et_pb_row][\/et_pb_section][et_pb_section fb_built=\u00bb1&#8243; admin_label=\u00bbIndustries\u00bb _builder_version=\u00bb4.4.7&#8243; custom_padding=\u00bb||0px|||\u00bb global_colors_info=\u00bb{}\u00bb][et_pb_row column_structure=\u00bb1_2,1_2&#8243; make_equal=\u00bbon\u00bb _builder_version=\u00bb4.13.0&#8243; max_width=\u00bb1200px\u00bb custom_padding=\u00bb4%|4%|4%|4%|true|true\u00bb border_width_top=\u00bb8px\u00bb border_color_top=\u00bb#f4f4f5&#8243; border_width_right=\u00bb8px\u00bb border_color_right=\u00bb#f4f4f5&#8243; border_width_left=\u00bb8px\u00bb border_color_left=\u00bb#f4f4f5&#8243; global_colors_info=\u00bb{}\u00bb][et_pb_column type=\u00bb1_2&#8243; _builder_version=\u00bb4.4.7&#8243; global_colors_info=\u00bb{}\u00bb][et_pb_text _builder_version=\u00bb4.13.0&#8243; text_font_size=\u00bb16px\u00bb text_line_height=\u00bb2em\u00bb header_2_font=\u00bbHeebo|900||on|||||\u00bb header_2_text_color=\u00bb#16252D\u00bb header_2_font_size=\u00bb40px\u00bb header_2_letter_spacing=\u00bb1px\u00bb header_2_line_height=\u00bb1.3em\u00bb max_width=\u00bb800px\u00bb custom_padding=\u00bb||||false|false\u00bb custom_padding_tablet=\u00bb|||0px|false|false\u00bb custom_padding_last_edited=\u00bboff|desktop\u00bb text_font_size_tablet=\u00bb14px\u00bb text_font_size_phone=\u00bb\u00bb text_font_size_last_edited=\u00bbon|phone\u00bb header_2_font_size_tablet=\u00bb30px\u00bb header_2_font_size_phone=\u00bb24px\u00bb header_2_font_size_last_edited=\u00bbon|phone\u00bb locked=\u00bboff\u00bb global_colors_info=\u00bb{}\u00bb]<h2 style=\"text-align: center;\">Caracteristicas de oficina F\u00edsica<\/h2>\n<p style=\"text-align: justify;\"><span><\/span><\/p>\n<ul>\n<li style=\"text-align: justify;\">Sala de juntas exterior equipada para 12 personas<\/li>\n<li style=\"text-align: justify;\">L\u00ednea telefonica<\/li>\n<li style=\"text-align: justify;\">Servicio de limpieza<\/li>\n<li style=\"text-align: justify;\">Servicio de recepci\u00f3n<\/li>\n<li style=\"text-align: justify;\">Seguridad privada de lunes a viernes de 8:00 am a 20:00 pm<\/li>\n<li style=\"text-align: justify;\">Mantenimiento (incluido en la renta)<\/li>\n<li style=\"text-align: justify;\">Recepci\u00f3n de correo y paqueter\u00eda<\/li>\n<\/ul>[\/et_pb_text][\/et_pb_column][et_pb_column type=\u00bb1_2&#8243; _builder_version=\u00bb4.4.7&#8243; global_colors_info=\u00bb{}\u00bb][et_pb_image src=\u00bbhttps:\/\/oficina23.com.mx\/wp-content\/uploads\/2021\/11\/IMG_1351-scaled.jpg\u00bb title_text=\u00bbIMG_1351&#8243; _builder_version=\u00bb4.13.0&#8243; _module_preset=\u00bbdefault\u00bb global_colors_info=\u00bb{}\u00bb][\/et_pb_image][\/et_pb_column][\/et_pb_row][et_pb_row use_custom_gutter=\u00bbon\u00bb gutter_width=\u00bb1&#8243; _builder_version=\u00bb4.13.0&#8243; max_width=\u00bb1200px\u00bb border_color_top=\u00bb#FFE7AF\u00bb border_width_right=\u00bb8px\u00bb border_color_right=\u00bbgcid-4c7d977d-0ac9-47a0-bf37-c787615b072d\u00bb border_color_left=\u00bb#6d6e73&#8243; locked=\u00bboff\u00bb global_colors_info=\u00bb{%22gcid-4c7d977d-0ac9-47a0-bf37-c787615b072d%22:%91%22border_color_right%22%93}\u00bb custom_padding__hover_enabled=\u00bboff|desktop\u00bb custom_padding__hover=\u00bb20px|20px|20px|20px|true|true\u00bb][et_pb_column type=\u00bb4_4&#8243; _builder_version=\u00bb4.4.7&#8243; custom_padding=\u00bb20px|20px|20px|20px|true|true\u00bb custom_padding_tablet=\u00bb0px|0px|0px|0px|true|true\u00bb custom_padding_phone=\u00bb\u00bb custom_padding_last_edited=\u00bbon|tablet\u00bb link_option_url=\u00bb#\u00bb border_width_all=\u00bb4px\u00bb border_color_all=\u00bbrgba(0,0,0,0)\u00bb global_colors_info=\u00bb{}\u00bb border_color_all__hover=\u00bb#353752&#8243; border_color_all__hover_enabled=\u00bbon|hover\u00bb][et_pb_divider show_divider=\u00bboff\u00bb _builder_version=\u00bb4.13.0&#8243; _module_preset=\u00bbdefault\u00bb global_colors_info=\u00bb{}\u00bb][\/et_pb_divider][\/et_pb_column][\/et_pb_row][\/et_pb_section][et_pb_section fb_built=\u00bb1&#8243; admin_label=\u00bbTestimonials\u00bb _builder_version=\u00bb4.13.0&#8243; background_enable_color=\u00bboff\u00bb use_background_color_gradient=\u00bbon\u00bb background_color_gradient_start=\u00bbrgba(140,148,148,0.56)\u00bb background_color_gradient_end=\u00bbrgba(0,0,0,0.85)\u00bb background_color_gradient_start_position=\u00bb44%\u00bb background_color_gradient_overlays_image=\u00bbon\u00bb background_image=\u00bbhttps:\/\/oficina23.com.mx\/wp-content\/uploads\/2021\/11\/oficina23-1.jpeg\u00bb custom_padding=\u00bb0vw||8vw||false|false\u00bb locked=\u00bboff\u00bb global_colors_info=\u00bb{}\u00bb][et_pb_row _builder_version=\u00bb4.13.0&#8243; max_width=\u00bb1200px\u00bb custom_padding=\u00bb0px||0px||false|false\u00bb border_color_all=\u00bb#ffffff\u00bb border_width_right=\u00bb8px\u00bb border_color_right=\u00bb#f79745&#8243; border_width_bottom=\u00bb8px\u00bb border_color_bottom=\u00bb#f79745&#8243; global_colors_info=\u00bb{}\u00bb][et_pb_column type=\u00bb4_4&#8243; _builder_version=\u00bb4.4.7&#8243; global_colors_info=\u00bb{}\u00bb][et_pb_text _builder_version=\u00bb4.13.0&#8243; header_2_font=\u00bbHeebo|900||on|||||\u00bb header_2_text_color=\u00bb#FFFFFF\u00bb header_2_font_size=\u00bb50px\u00bb header_2_letter_spacing=\u00bb2px\u00bb header_2_line_height=\u00bb1.3em\u00bb custom_margin=\u00bb40px||-70px||false|false\u00bb custom_margin_tablet=\u00bb40px||-70px||false|false\u00bb custom_margin_phone=\u00bb||0px||false|false\u00bb custom_margin_last_edited=\u00bbon|phone\u00bb custom_padding_tablet=\u00bb|||0px|false|false\u00bb custom_padding_last_edited=\u00bboff|desktop\u00bb header_2_font_size_tablet=\u00bb40px\u00bb header_2_font_size_phone=\u00bb24px\u00bb header_2_font_size_last_edited=\u00bbon|phone\u00bb locked=\u00bboff\u00bb global_colors_info=\u00bb{}\u00bb]<h2>Testimonios<\/h2>[\/et_pb_text][et_pb_slider _builder_version=\u00bb4.13.0&#8243; header_font=\u00bbHeebo|700|||||||\u00bb header_line_height=\u00bb1.4em\u00bb body_font=\u00bbHeebo|700|||||||\u00bb body_text_color=\u00bb#ffffff\u00bb body_font_size=\u00bb18px\u00bb body_line_height=\u00bb1.8em\u00bb background_color=\u00bbrgba(0,0,0,0)\u00bb custom_padding=\u00bb12%|0px|12%|0px|true|true\u00bb header_font_size_tablet=\u00bb24px\u00bb header_font_size_phone=\u00bb16px\u00bb header_font_size_last_edited=\u00bbon|phone\u00bb global_colors_info=\u00bb{}\u00bb][et_pb_slide heading=\u00bbSofia M\u00e9ndez &#8211; SM Marketing\u00bb image=\u00bbhttps:\/\/oficina23.com.mx\/wp-content\/uploads\/2021\/11\/wo.jpg\u00bb _builder_version=\u00bb4.13.0&#8243; header_font=\u00bbHeebo|700|||||||\u00bb header_line_height=\u00bb1.4em\u00bb global_colors_info=\u00bb{}\u00bb sticky_transition=\u00bbon\u00bb]<p style=\"text-align: justify;\">Necesit\u00e1bamos mejorar la imagen que ten\u00edamos hacia nuestros clientes, porque aunque nunca nos visitaban, quer\u00edan saber que cont\u00e1bamos con una oficina. Debido a esto decidimos acercarnos a Oficina 23, hoy en d\u00eda tenemos ah\u00ed nuestro domicilio fiscal, un servicio de recepci\u00f3n de llamadas y correspondencia, y m\u00e1s importante, tenemos de vuelta la confianza de clientes y prospectos, a\u00fan cuando sigamos trabajando desde cualquier lugar.<\/p>[\/et_pb_slide][et_pb_slide heading=\u00bbV\u00edctor Molina &#8211; Representus\u00bb image=\u00bbhttps:\/\/oficina23.com.mx\/wp-content\/uploads\/2021\/11\/man.jpg\u00bb _builder_version=\u00bb4.13.0&#8243; header_font=\u00bbHeebo|700|||||||\u00bb header_line_height=\u00bb1.4em\u00bb global_colors_info=\u00bb{}\u00bb sticky_transition=\u00bbon\u00bb]<p style=\"text-align: justify;\">Llevo m\u00e1s de tres a\u00f1os rentando una oficina con ellos y ha sido una muy buena experiencia. Cuentan con una excelente im\u00e1gen, buena ubicaci\u00f3n, es accesible y cuenta con una gama de servicios que nos ayudan a ser m\u00e1s productivos en nuestro d\u00eda a d\u00eda, sin duda recomiendo Oficina 23 a cualquier empresa que quiera establecerse y crecer en un punto estrat\u00e9gico de la Ciudad de M\u00e9xico.<\/p>[\/et_pb_slide][et_pb_slide heading=\u00bbIndustriales Feller\u00bb image=\u00bbhttps:\/\/oficina23.com.mx\/wp-content\/uploads\/2021\/11\/WhatsApp-Image-2021-11-11-at-3.04.16-PM.jpeg\u00bb _builder_version=\u00bb4.13.0&#8243; header_font=\u00bbHeebo|700|||||||\u00bb header_line_height=\u00bb1.4em\u00bb global_colors_info=\u00bb{}\u00bb sticky_transition=\u00bbon\u00bb]<p style=\"text-align: justify;\">Me gusta poder tener mi propio espacio y mis tiempos. Gracias a Oficina 23 pude lograr mis metas como profesionista.<\/p>[\/et_pb_slide][et_pb_slide heading=\u00bbImperio Seguros\u00bb image=\u00bbhttps:\/\/oficina23.com.mx\/wp-content\/uploads\/2021\/11\/WhatsApp-Image-2021-11-11-at-3.10.21-PM.jpeg\u00bb _builder_version=\u00bb4.13.0&#8243; header_font=\u00bbHeebo|700|||||||\u00bb header_line_height=\u00bb1.4em\u00bb global_colors_info=\u00bb{}\u00bb sticky_transition=\u00bbon\u00bb]<p style=\"text-align: justify;\">Comenc\u00e9 a emprender hace poco y gracias a que tengo mi oficina amueblada en Oficina 23, me gan\u00e9 la confianza de mis clientes y poco a poco he crecido junto con mi equipo<\/p>[\/et_pb_slide][\/et_pb_slider][et_pb_button button_url=\u00bbhttps:\/\/oficina23.com.mx\/index.php\/contacto\/\u00bb button_text=\u00bbAgenda tu cita\u00bb button_alignment=\u00bbcenter\u00bb _builder_version=\u00bb4.13.0&#8243; custom_button=\u00bbon\u00bb button_text_size=\u00bb14px\u00bb button_text_color=\u00bb#FFFFFF\u00bb button_bg_color=\u00bb#f79745&#8243; button_border_width=\u00bb0px\u00bb button_border_radius=\u00bb0px\u00bb button_letter_spacing=\u00bb5px\u00bb button_font=\u00bb|700||on|||||\u00bb custom_margin=\u00bb9px||||false|false\u00bb custom_padding=\u00bb20px|30px|20px|30px|true|true\u00bb locked=\u00bboff\u00bb global_colors_info=\u00bb{}\u00bb][\/et_pb_button][\/et_pb_column][\/et_pb_row][\/et_pb_section]\n","protected":false},"excerpt":{"rendered":"<p>Oficina F\u00edsicaCaracteristicas de oficina F\u00edsica Sala de juntas exterior equipada para 12 personas L\u00ednea telefonica Servicio de limpieza Servicio de recepci\u00f3n Seguridad privada de lunes a viernes de 8:00 am a 20:00 pm Mantenimiento (incluido en la renta) Recepci\u00f3n de correo y paqueter\u00eda TestimoniosNecesit\u00e1bamos mejorar la imagen que ten\u00edamos hacia nuestros clientes, porque aunque nunca [&hellip;]<\/p>\n","protected":false},"author":1,"featured_media":0,"parent":0,"menu_order":0,"comment_status":"closed","ping_status":"closed","template":"","meta":{"_et_pb_use_builder":"on","_et_pb_old_content":"","_et_gb_content_width":"","_mi_skip_tracking":false},"_links":{"self":[{"href":"https:\/\/oficina23.com.mx\/index.php\/wp-json\/wp\/v2\/pages\/277"}],"collection":[{"href":"https:\/\/oficina23.com.mx\/index.php\/wp-json\/wp\/v2\/pages"}],"about":[{"href":"https:\/\/oficina23.com.mx\/index.php\/wp-json\/wp\/v2\/types\/page"}],"author":[{"embeddable":true,"href":"https:\/\/oficina23.com.mx\/index.php\/wp-json\/wp\/v2\/users\/1"}],"replies":[{"embeddable":true,"href":"https:\/\/oficina23.com.mx\/index.php\/wp-json\/wp\/v2\/comments?post=277"}],"version-history":[{"count":6,"href":"https:\/\/oficina23.com.mx\/index.php\/wp-json\/wp\/v2\/pages\/277\/revisions"}],"predecessor-version":[{"id":332,"href":"https:\/\/oficina23.com.mx\/index.php\/wp-json\/wp\/v2\/pages\/277\/revisions\/332"}],"wp:attachment":[{"href":"https:\/\/oficina23.com.mx\/index.php\/wp-json\/wp\/v2\/media?parent=277"}],"curies":[{"name":"wp","href":"https:\/\/api.w.org\/{rel}","templated":true}]}}