{"id":231,"date":"2021-11-15T23:10:14","date_gmt":"2021-11-15T23:10:14","guid":{"rendered":"https:\/\/oficina23.com.mx\/?page_id=231"},"modified":"2024-04-25T16:59:16","modified_gmt":"2024-04-25T16:59:16","slug":"renta-de-oficinas-virtuales","status":"publish","type":"page","link":"https:\/\/oficina23.com.mx\/index.php\/renta-de-oficinas-virtuales\/","title":{"rendered":"Renta Oficina Virtual"},"content":{"rendered":"<p>[et_pb_section fb_built=\u00bb1&#8243; custom_padding_last_edited=\u00bboff|desktop\u00bb admin_label=\u00bbHeader\u00bb _builder_version=\u00bb4.13.0&#8243; use_background_color_gradient=\u00bbon\u00bb background_color_gradient_start=\u00bbrgba(140,148,148,0.56)\u00bb background_color_gradient_end=\u00bbrgba(0,0,0,0.85)\u00bb background_color_gradient_start_position=\u00bb30%\u00bb background_color_gradient_overlays_image=\u00bbon\u00bb background_image=\u00bbhttps:\/\/oficina23.com.mx\/wp-content\/uploads\/2021\/11\/Fachada1-scaled.jpg\u00bb custom_padding=\u00bb8vw||12vw||false|false\u00bb custom_padding_tablet=\u00bb||||false|false\u00bb custom_padding_phone=\u00bb||||false|false\u00bb locked=\u00bboff\u00bb global_colors_info=\u00bb{}\u00bb][et_pb_row column_structure=\u00bb1_2,1_2&#8243; make_equal=\u00bbon\u00bb _builder_version=\u00bb4.13.0&#8243; max_width=\u00bb1200px\u00bb custom_padding=\u00bb4%|0%|0px|4%|false|false\u00bb border_color_all=\u00bb#16252D\u00bb border_width_bottom=\u00bb8px\u00bb border_color_bottom=\u00bbgcid-e65d04dd-e92e-4ec7-b2eb-243a7f89dd78&#8243; border_width_left=\u00bb8px\u00bb border_color_left=\u00bbgcid-e65d04dd-e92e-4ec7-b2eb-243a7f89dd78&#8243; locked=\u00bboff\u00bb global_colors_info=\u00bb{%22gcid-e65d04dd-e92e-4ec7-b2eb-243a7f89dd78%22:%91%22border_color_bottom%22,%22border_color_left%22%93}\u00bb][et_pb_column type=\u00bb1_2&#8243; _builder_version=\u00bb4.4.7&#8243; custom_padding=\u00bb||4%||false|false\u00bb global_colors_info=\u00bb{}\u00bb][et_pb_text _builder_version=\u00bb4.13.0&#8243; header_font=\u00bbHeebo|900||on|||||\u00bb header_font_size=\u00bb60px\u00bb header_letter_spacing=\u00bb2px\u00bb header_line_height=\u00bb1.2em\u00bb background_layout=\u00bbdark\u00bb header_font_size_tablet=\u00bb40px\u00bb header_font_size_phone=\u00bb24px\u00bb header_font_size_last_edited=\u00bbon|phone\u00bb locked=\u00bboff\u00bb global_colors_info=\u00bb{}\u00bb]<\/p>\n<h1>Oficina Virtual<\/h1>\n<p>[\/et_pb_text][\/et_pb_column][et_pb_column type=\u00bb1_2&#8243; _builder_version=\u00bb4.4.7&#8243; global_colors_info=\u00bb{}\u00bb][\/et_pb_column][\/et_pb_row][\/et_pb_section][et_pb_section fb_built=\u00bb1&#8243; make_equal=\u00bbon\u00bb use_custom_gutter=\u00bbon\u00bb gutter_width=\u00bb4&#8243; specialty=\u00bbon\u00bb admin_label=\u00bbWhy Us\u00bb _builder_version=\u00bb4.4.7&#8243; inner_max_width=\u00bb1200px\u00bb locked=\u00bboff\u00bb global_colors_info=\u00bb{}\u00bb][et_pb_column type=\u00bb1_2&#8243; specialty_columns=\u00bb2&#8243; _builder_version=\u00bb3.25&#8243; custom_padding=\u00bb|||\u00bb global_colors_info=\u00bb{}\u00bb custom_padding__hover=\u00bb|||\u00bb][et_pb_row_inner column_structure=\u00bb1_2,1_2&#8243; use_custom_gutter=\u00bbon\u00bb gutter_width=\u00bb2&#8243; custom_padding_last_edited=\u00bbon|phone\u00bb _builder_version=\u00bb4.4.7&#8243; overflow-x=\u00bbvisible\u00bb overflow-y=\u00bbvisible\u00bb custom_margin=\u00bb||||false|false\u00bb custom_padding=\u00bb16%||16%|8%|true|false\u00bb custom_padding_tablet=\u00bb8%|4%|50px|4%|false|true\u00bb custom_padding_phone=\u00bb||30px||false|false\u00bb custom_css_main_element=\u00bboverflow: visible !important;\u00bb border_width_all=\u00bb8px\u00bb border_color_all=\u00bb#e7e8e8&#8243; global_colors_info=\u00bb{}\u00bb][et_pb_column_inner type=\u00bb1_2&#8243; saved_specialty_column_type=\u00bb1_2&#8243; _builder_version=\u00bb4.4.7&#8243; global_colors_info=\u00bb{}\u00bb][et_pb_image src=\u00bbhttps:\/\/oficina23.com.mx\/wp-content\/uploads\/2021\/11\/Diseno-sin-titulo-1.png\u00bb title_text=\u00bbDise\u00f1o sin t\u00edtulo (1)\u00bb _builder_version=\u00bb4.13.0&#8243; locked=\u00bboff\u00bb global_colors_info=\u00bb{}\u00bb][\/et_pb_image][\/et_pb_column_inner][et_pb_column_inner type=\u00bb1_2&#8243; saved_specialty_column_type=\u00bb1_2&#8243; _builder_version=\u00bb4.4.7&#8243; global_colors_info=\u00bb{}\u00bb][et_pb_image src=\u00bbhttps:\/\/oficina23.com.mx\/wp-content\/uploads\/2021\/11\/Diseno-sin-titulo-2.png\u00bb title_text=\u00bbDise\u00f1o sin t\u00edtulo (2)\u00bb _builder_version=\u00bb4.13.0&#8243; custom_margin=\u00bb|-18%|||false|false\u00bb custom_margin_tablet=\u00bb|-20px|||false|false\u00bb custom_margin_phone=\u00bb|-20px|||false|false\u00bb custom_margin_last_edited=\u00bbon|tablet\u00bb border_color_all=\u00bbrgba(0,0,0,0)\u00bb border_width_right=\u00bb20px\u00bb box_shadow_style=\u00bbpreset4&#8243; box_shadow_horizontal=\u00bb32px\u00bb box_shadow_vertical=\u00bb0px\u00bb box_shadow_color=\u00bb#f79745&#8243; box_shadow_horizontal_tablet=\u00bb\u00bb box_shadow_horizontal_phone=\u00bb16px\u00bb box_shadow_horizontal_last_edited=\u00bbon|desktop\u00bb locked=\u00bboff\u00bb global_colors_info=\u00bb{}\u00bb][\/et_pb_image][\/et_pb_column_inner][\/et_pb_row_inner][\/et_pb_column][et_pb_column type=\u00bb1_2&#8243; _builder_version=\u00bb3.25&#8243; custom_padding=\u00bb|||\u00bb global_colors_info=\u00bb{}\u00bb custom_padding__hover=\u00bb|||\u00bb][et_pb_text _builder_version=\u00bb4.13.0&#8243; text_font_size=\u00bb16px\u00bb text_line_height=\u00bb2em\u00bb header_2_font=\u00bbHeebo|900||on|||||\u00bb header_2_font_size=\u00bb30px\u00bb header_2_letter_spacing=\u00bb1px\u00bb header_2_line_height=\u00bb1.3em\u00bb positioning=\u00bbabsolute\u00bb position_origin_a=\u00bbcenter_left\u00bb position_origin_a_tablet=\u00bb\u00bb position_origin_a_phone=\u00bb\u00bb position_origin_a_last_edited=\u00bbon|tablet\u00bb position_origin_f_tablet=\u00bb\u00bb position_origin_f_phone=\u00bb\u00bb position_origin_f_last_edited=\u00bbon|tablet\u00bb position_origin_r_tablet=\u00bb\u00bb position_origin_r_phone=\u00bb\u00bb position_origin_r_last_edited=\u00bbon|tablet\u00bb custom_padding=\u00bb||||false|false\u00bb custom_padding_tablet=\u00bb|||0px|false|false\u00bb custom_padding_last_edited=\u00bboff|desktop\u00bb text_font_size_tablet=\u00bb14px\u00bb text_font_size_phone=\u00bb\u00bb text_font_size_last_edited=\u00bbon|phone\u00bb header_2_font_size_tablet=\u00bb24px\u00bb header_2_font_size_phone=\u00bb20px\u00bb header_2_font_size_last_edited=\u00bbon|phone\u00bb positioning_tablet=\u00bbrelative\u00bb positioning_phone=\u00bb\u00bb positioning_last_edited=\u00bbon|tablet\u00bb locked=\u00bboff\u00bb global_colors_info=\u00bb{}\u00bb]<\/p>\n<h2 style=\"text-align: justify;\">\u00bfQu\u00e9 es Oficina 23?<\/h2>\n<p style=\"text-align: justify;\">Oficina 23 es un concepto adaptado a las necesidades actuales de las peque\u00f1as y medianas empresas mexicanas.<\/p>\n<p style=\"text-align: justify;\">Ofrecemos espacios f\u00edsicos de oficina en renta para aquellas empresas que quieran establecerse en uno de los principales puntos de negocios en la <strong>Ciudad de M\u00e9xico<\/strong>, sin los excesivos costos que esto tiende a implicar.<\/p>\n<p style=\"text-align: justify;\">O bien ofrece una soluci\u00f3n para aquellos empresarios o emprendedores que no requieren de un espacio f\u00edsico como tal y que est\u00e1n acostumbrados a operar desde cualquier parte, sin embargo requieren de un domicilio que de confianza a sus clientes, que les permita la recepci\u00f3n de correspondencia, un servicio de recepci\u00f3n para llamadas telef\u00f3nicas y la opci\u00f3n de contar con un domicilio fiscal y comercial.<\/p>\n<p>[\/et_pb_text][\/et_pb_column][\/et_pb_section][et_pb_section fb_built=\u00bb1&#8243; admin_label=\u00bbFeatures\u00bb _builder_version=\u00bb4.4.7&#8243; locked=\u00bboff\u00bb global_colors_info=\u00bb{}\u00bb][et_pb_row make_equal=\u00bbon\u00bb admin_label=\u00bbPricing Area\u00bb _builder_version=\u00bb3.25&#8243; custom_margin=\u00bb|||\u00bb custom_padding=\u00bb|0px|0px|0px\u00bb global_colors_info=\u00bb{}\u00bb][et_pb_column type=\u00bb4_4&#8243; _builder_version=\u00bb3.25&#8243; custom_padding=\u00bb|||\u00bb global_colors_info=\u00bb{}\u00bb custom_padding__hover=\u00bb|||\u00bb][et_pb_text _builder_version=\u00bb4.13.0&#8243; _module_preset=\u00bbdefault\u00bb header_2_font=\u00bbHeebo|900||on|||||\u00bb header_2_text_color=\u00bb#16252d\u00bb header_2_font_size=\u00bb40px\u00bb header_2_font_size_tablet=\u00bb40px\u00bb header_2_font_size_phone=\u00bb30px\u00bb header_2_font_size_last_edited=\u00bbon|phone\u00bb global_colors_info=\u00bb{}\u00bb]<\/p>\n<h2 style=\"text-align: center;\">Renta de oficina Virtual<\/h2>\n<p>[\/et_pb_text][et_pb_pricing_tables featured_table_header_background_color=\u00bbrgba(0,0,0,0)\u00bb header_background_color=\u00bbrgba(0,0,0,0)\u00bb show_bullet=\u00bboff\u00bb featured_table_price_color=\u00bbgcid-e65d04dd-e92e-4ec7-b2eb-243a7f89dd78&#8243; _builder_version=\u00bb4.13.0&#8243; header_text_color=\u00bb#2a2a2a\u00bb header_font=\u00bbHeebo|600|||||||\u00bb header_font_size=\u00bb18px\u00bb body_font=\u00bbHeebo||||||||\u00bb body_text_align=\u00bbcenter\u00bb body_font_size=\u00bb16px\u00bb body_line_height=\u00bb1.8em\u00bb price_font=\u00bbHeebo|500|||||||\u00bb price_font_size=\u00bb80px\u00bb currency_frequency_font=\u00bbPoppins||||||||\u00bb background_color=\u00bb#f7f7f7&#8243; custom_button=\u00bbon\u00bb button_text_size=\u00bb14px\u00bb button_text_color=\u00bb#ffffff\u00bb button_bg_color=\u00bb#f79745&#8243; button_border_width=\u00bb8px\u00bb button_border_color=\u00bb#f79745&#8243; button_border_radius=\u00bb0px\u00bb button_letter_spacing=\u00bb2px\u00bb button_font=\u00bbHeebo|600||on|||||\u00bb button_icon=\u00bb&#x24;||divi||400&#8243; custom_margin=\u00bb20px|||\u00bb custom_padding=\u00bb|||\u00bb animation_style=\u00bbslide\u00bb animation_direction=\u00bbbottom\u00bb animation_intensity_slide=\u00bb10%\u00bb animation_starting_opacity=\u00bb100%\u00bb link_option_url=\u00bbwa.link\/f9jwpv\u00bb custom_css_pricing_top=\u00bbborder: none;\u00bb border_color_all=\u00bbrgba(190,190,190,0)\u00bb border_style_all=\u00bbnone\u00bb center_list_items=\u00bbon\u00bb global_colors_info=\u00bb{%22gcid-e65d04dd-e92e-4ec7-b2eb-243a7f89dd78%22:%91%22featured_table_price_color%22%93}\u00bb button_text_size__hover_enabled=\u00bboff\u00bb button_one_text_size__hover_enabled=\u00bboff\u00bb button_two_text_size__hover_enabled=\u00bboff\u00bb button_text_color__hover_enabled=\u00bboff\u00bb button_one_text_color__hover_enabled=\u00bboff\u00bb button_two_text_color__hover_enabled=\u00bboff\u00bb button_border_width__hover_enabled=\u00bboff\u00bb button_one_border_width__hover_enabled=\u00bboff\u00bb button_two_border_width__hover_enabled=\u00bboff\u00bb button_border_color__hover_enabled=\u00bboff\u00bb button_one_border_color__hover_enabled=\u00bboff\u00bb button_two_border_color__hover_enabled=\u00bboff\u00bb button_border_radius__hover_enabled=\u00bboff\u00bb button_one_border_radius__hover_enabled=\u00bboff\u00bb button_two_border_radius__hover_enabled=\u00bboff\u00bb button_letter_spacing__hover_enabled=\u00bboff\u00bb button_one_letter_spacing__hover_enabled=\u00bboff\u00bb button_two_letter_spacing__hover_enabled=\u00bboff\u00bb button_bg_color__hover_enabled=\u00bboff\u00bb button_one_bg_color__hover_enabled=\u00bboff\u00bb button_two_bg_color__hover_enabled=\u00bboff\u00bb][et_pb_pricing_table title=\u00bbVirtual Enterprise\u00bb currency=\u00bb$\u00bb per=\u00bbmes\u00bb sum=\u00bb1,000&#8243; button_url=\u00bbhttp:\/\/wa.link\/f9jwpv\u00bb button_text=\u00bbSolicita informes\u00bb _builder_version=\u00bb4.13.0&#8243; price_text_color=\u00bb#f79745&#8243; price_font=\u00bb|500|||||||\u00bb box_shadow_style=\u00bbpreset1&#8243; box_shadow_blur=\u00bb20px\u00bb box_shadow_color=\u00bbrgba(0,0,0,0.1)\u00bb global_colors_info=\u00bb{}\u00bb button_text_size__hover_enabled=\u00bboff\u00bb button_one_text_size__hover_enabled=\u00bboff\u00bb button_two_text_size__hover_enabled=\u00bboff\u00bb button_text_color__hover_enabled=\u00bboff\u00bb button_one_text_color__hover_enabled=\u00bboff\u00bb button_two_text_color__hover_enabled=\u00bboff\u00bb button_border_width__hover_enabled=\u00bboff\u00bb button_one_border_width__hover_enabled=\u00bboff\u00bb button_two_border_width__hover_enabled=\u00bboff\u00bb button_border_color__hover_enabled=\u00bboff\u00bb button_one_border_color__hover_enabled=\u00bboff\u00bb button_two_border_color__hover_enabled=\u00bboff\u00bb button_border_radius__hover_enabled=\u00bboff\u00bb button_one_border_radius__hover_enabled=\u00bboff\u00bb button_two_border_radius__hover_enabled=\u00bboff\u00bb button_letter_spacing__hover_enabled=\u00bboff\u00bb button_one_letter_spacing__hover_enabled=\u00bboff\u00bb button_two_letter_spacing__hover_enabled=\u00bboff\u00bb button_bg_color__hover_enabled=\u00bboff\u00bb button_one_bg_color__hover_enabled=\u00bboff\u00bb button_two_bg_color__hover_enabled=\u00bboff\u00bb sticky_transition=\u00bbon\u00bb button_icon_default=\u00bb&#x24;||divi||400&#8243;]<\/p>\n<p>Domicilio Fiscal y Comercial<\/p>\n<p>Recepci\u00f3n de Documentos y paqueteria<\/p>\n<p>4 Horas de Sala de Juntas<\/p>\n<p>&nbsp;<\/p>\n<p>[\/et_pb_pricing_table][\/et_pb_pricing_tables][\/et_pb_column][\/et_pb_row][\/et_pb_section][et_pb_section fb_built=\u00bb1&#8243; admin_label=\u00bbIndustries\u00bb _builder_version=\u00bb4.4.7&#8243; custom_padding=\u00bb||0px|||\u00bb global_colors_info=\u00bb{}\u00bb][et_pb_row column_structure=\u00bb1_2,1_2&#8243; make_equal=\u00bbon\u00bb _builder_version=\u00bb4.13.0&#8243; max_width=\u00bb1200px\u00bb custom_padding=\u00bb4%|4%|4%|4%|true|true\u00bb border_width_top=\u00bb8px\u00bb border_color_top=\u00bb#f4f4f5&#8243; border_width_right=\u00bb8px\u00bb border_color_right=\u00bb#f4f4f5&#8243; border_width_left=\u00bb8px\u00bb border_color_left=\u00bb#f4f4f5&#8243; global_colors_info=\u00bb{}\u00bb][et_pb_column type=\u00bb1_2&#8243; _builder_version=\u00bb4.4.7&#8243; global_colors_info=\u00bb{}\u00bb][et_pb_text _builder_version=\u00bb4.13.0&#8243; text_font_size=\u00bb16px\u00bb text_line_height=\u00bb2em\u00bb header_2_font=\u00bbHeebo|900||on|||||\u00bb header_2_text_color=\u00bb#16252D\u00bb header_2_font_size=\u00bb40px\u00bb header_2_letter_spacing=\u00bb1px\u00bb header_2_line_height=\u00bb1.3em\u00bb max_width=\u00bb800px\u00bb custom_padding=\u00bb||||false|false\u00bb custom_padding_tablet=\u00bb|||0px|false|false\u00bb custom_padding_last_edited=\u00bboff|desktop\u00bb text_font_size_tablet=\u00bb14px\u00bb text_font_size_phone=\u00bb\u00bb text_font_size_last_edited=\u00bbon|phone\u00bb header_2_font_size_tablet=\u00bb30px\u00bb header_2_font_size_phone=\u00bb24px\u00bb header_2_font_size_last_edited=\u00bbon|phone\u00bb locked=\u00bboff\u00bb global_colors_info=\u00bb{}\u00bb]<\/p>\n<h2 style=\"text-align: center;\">\u00bfQu\u00e9 ventajas ofrece Oficina 23?<\/h2>\n<p style=\"text-align: justify;\"><span><\/span><\/p>\n<p style=\"text-align: justify;\">Tu domicilio fiscal en una de las zonas con m\u00e1s prestigo dentro de la Ciudad de M\u00e9xico. Contar\u00e1s con la ventaja de mostrarte de manera profesional ante tus clientes y brindarles la confianza que ellos necesitan.<\/p>\n<p style=\"text-align: justify;\">Una oficina amueblada reduce costos en tu presupeusto, tenemos diferentes opciones para ti de acuerdo a tus necesidades. Y adem\u00e1s, estar\u00e1s cerca de Masaryk Polanco en la Ciudad de M\u00e9xico.<\/p>\n<p>[\/et_pb_text][\/et_pb_column][et_pb_column type=\u00bb1_2&#8243; _builder_version=\u00bb4.4.7&#8243; global_colors_info=\u00bb{}\u00bb][et_pb_image src=\u00bbhttps:\/\/oficina23.com.mx\/wp-content\/uploads\/2021\/11\/IMG_1351-scaled.jpg\u00bb title_text=\u00bbIMG_1351&#8243; _builder_version=\u00bb4.13.0&#8243; _module_preset=\u00bbdefault\u00bb global_colors_info=\u00bb{}\u00bb][\/et_pb_image][\/et_pb_column][\/et_pb_row][\/et_pb_section][et_pb_section fb_built=\u00bb1&#8243; admin_label=\u00bbIndustries\u00bb _builder_version=\u00bb4.4.7&#8243; custom_padding=\u00bb||0px|||\u00bb global_colors_info=\u00bb{}\u00bb][et_pb_row _builder_version=\u00bb4.13.0&#8243; _module_preset=\u00bbdefault\u00bb global_colors_info=\u00bb{}\u00bb][et_pb_column type=\u00bb4_4&#8243; _builder_version=\u00bb4.13.0&#8243; _module_preset=\u00bbdefault\u00bb global_colors_info=\u00bb{}\u00bb][et_pb_gallery gallery_ids=\u00bb2610,2612,2613,2614,2615,2616,2617,2618,2619&#8243; _builder_version=\u00bb4.13.0&#8243; _module_preset=\u00bbdefault\u00bb global_colors_info=\u00bb{}\u00bb][\/et_pb_gallery][\/et_pb_column][\/et_pb_row][\/et_pb_section][et_pb_section fb_built=\u00bb1&#8243; admin_label=\u00bbTestimonials\u00bb _builder_version=\u00bb4.13.0&#8243; background_enable_color=\u00bboff\u00bb use_background_color_gradient=\u00bbon\u00bb background_color_gradient_start=\u00bbrgba(140,148,148,0.56)\u00bb background_color_gradient_end=\u00bbrgba(0,0,0,0.85)\u00bb background_color_gradient_start_position=\u00bb44%\u00bb background_color_gradient_overlays_image=\u00bbon\u00bb background_image=\u00bbhttps:\/\/oficina23.com.mx\/wp-content\/uploads\/2021\/11\/oficina23-1.jpeg\u00bb custom_padding=\u00bb0vw||1vw||false|false\u00bb locked=\u00bboff\u00bb global_colors_info=\u00bb{}\u00bb][et_pb_row _builder_version=\u00bb4.13.0&#8243; max_width=\u00bb1200px\u00bb custom_padding=\u00bb0px||0px||false|false\u00bb border_color_all=\u00bb#ffffff\u00bb border_width_right=\u00bb8px\u00bb border_color_right=\u00bb#f79745&#8243; border_width_bottom=\u00bb8px\u00bb border_color_bottom=\u00bb#f79745&#8243; global_colors_info=\u00bb{}\u00bb][et_pb_column type=\u00bb4_4&#8243; _builder_version=\u00bb4.4.7&#8243; global_colors_info=\u00bb{}\u00bb][et_pb_text _builder_version=\u00bb4.13.0&#8243; header_2_font=\u00bbHeebo|900||on|||||\u00bb header_2_text_color=\u00bb#FFFFFF\u00bb header_2_font_size=\u00bb50px\u00bb header_2_letter_spacing=\u00bb2px\u00bb header_2_line_height=\u00bb1.3em\u00bb custom_margin=\u00bb40px||-70px||false|false\u00bb custom_margin_tablet=\u00bb40px||-70px||false|false\u00bb custom_margin_phone=\u00bb||0px||false|false\u00bb custom_margin_last_edited=\u00bbon|phone\u00bb custom_padding_tablet=\u00bb|||0px|false|false\u00bb custom_padding_last_edited=\u00bboff|desktop\u00bb header_2_font_size_tablet=\u00bb40px\u00bb header_2_font_size_phone=\u00bb24px\u00bb header_2_font_size_last_edited=\u00bbon|phone\u00bb locked=\u00bboff\u00bb global_colors_info=\u00bb{}\u00bb]<\/p>\n<h2>Testimonios<\/h2>\n<p>[\/et_pb_text][et_pb_slider _builder_version=\u00bb4.13.0&#8243; header_font=\u00bbHeebo|700|||||||\u00bb header_line_height=\u00bb1.4em\u00bb body_font=\u00bbHeebo|700|||||||\u00bb body_text_color=\u00bb#ffffff\u00bb body_font_size=\u00bb18px\u00bb body_line_height=\u00bb1.8em\u00bb background_color=\u00bbrgba(0,0,0,0)\u00bb custom_padding=\u00bb12%|0px|12%|0px|true|true\u00bb header_font_size_tablet=\u00bb24px\u00bb header_font_size_phone=\u00bb16px\u00bb header_font_size_last_edited=\u00bbon|phone\u00bb global_colors_info=\u00bb{}\u00bb][et_pb_slide heading=\u00bbSofia M\u00e9ndez &#8211; SM Marketing\u00bb image=\u00bbhttps:\/\/oficina23.com.mx\/wp-content\/uploads\/2021\/11\/wo.jpg\u00bb _builder_version=\u00bb4.13.0&#8243; header_font=\u00bbHeebo|700|||||||\u00bb header_line_height=\u00bb1.4em\u00bb global_colors_info=\u00bb{}\u00bb sticky_transition=\u00bbon\u00bb]<\/p>\n<p style=\"text-align: justify;\">Necesit\u00e1bamos mejorar la imagen que ten\u00edamos hacia nuestros clientes, porque aunque nunca nos visitaban, quer\u00edan saber que cont\u00e1bamos con una oficina. Debido a esto decidimos acercarnos a Oficina 23, hoy en d\u00eda tenemos ah\u00ed nuestro domicilio fiscal, un servicio de recepci\u00f3n de llamadas y correspondencia, y m\u00e1s importante, tenemos de vuelta la confianza de clientes y prospectos, a\u00fan cuando sigamos trabajando desde cualquier lugar.<\/p>\n<p>[\/et_pb_slide][et_pb_slide heading=\u00bbV\u00edctor Molina &#8211; Representus\u00bb image=\u00bbhttps:\/\/oficina23.com.mx\/wp-content\/uploads\/2021\/11\/man.jpg\u00bb _builder_version=\u00bb4.13.0&#8243; header_font=\u00bbHeebo|700|||||||\u00bb header_line_height=\u00bb1.4em\u00bb global_colors_info=\u00bb{}\u00bb sticky_transition=\u00bbon\u00bb]<\/p>\n<p style=\"text-align: justify;\">Llevo m\u00e1s de tres a\u00f1os rentando una oficina con ellos y ha sido una muy buena experiencia. Cuentan con una excelente im\u00e1gen, buena ubicaci\u00f3n, es accesible y cuenta con una gama de servicios que nos ayudan a ser m\u00e1s productivos en nuestro d\u00eda a d\u00eda, sin duda recomiendo Oficina 23 a cualquier empresa que quiera establecerse y crecer en un punto estrat\u00e9gico de la Ciudad de M\u00e9xico.<\/p>\n<p>[\/et_pb_slide][et_pb_slide heading=\u00bbIndustriales Feller\u00bb image=\u00bbhttps:\/\/oficina23.com.mx\/wp-content\/uploads\/2021\/11\/WhatsApp-Image-2021-11-11-at-3.04.16-PM.jpeg\u00bb _builder_version=\u00bb4.13.0&#8243; header_font=\u00bbHeebo|700|||||||\u00bb header_line_height=\u00bb1.4em\u00bb global_colors_info=\u00bb{}\u00bb sticky_transition=\u00bbon\u00bb]<\/p>\n<p style=\"text-align: justify;\">Me gusta poder tener mi propio espacio y mis tiempos. Gracias a Oficina 23 pude lograr mis metas como profesionista.<\/p>\n<p>[\/et_pb_slide][et_pb_slide heading=\u00bbImperio Seguros\u00bb image=\u00bbhttps:\/\/oficina23.com.mx\/wp-content\/uploads\/2021\/11\/WhatsApp-Image-2021-11-11-at-3.10.21-PM.jpeg\u00bb _builder_version=\u00bb4.13.0&#8243; header_font=\u00bbHeebo|700|||||||\u00bb header_line_height=\u00bb1.4em\u00bb global_colors_info=\u00bb{}\u00bb sticky_transition=\u00bbon\u00bb]<\/p>\n<p style=\"text-align: justify;\">Comenc\u00e9 a emprender hace poco y gracias a que tengo mi oficina amueblada en Oficina 23, me gan\u00e9 la confianza de mis clientes y poco a poco he crecido junto con mi equipo<\/p>\n<p>[\/et_pb_slide][\/et_pb_slider][\/et_pb_column][\/et_pb_row][\/et_pb_section][et_pb_section fb_built=\u00bb1&#8243; admin_label=\u00bbContact Form\u00bb _builder_version=\u00bb4.13.0&#8243; vertical_offset=\u00bb1px\u00bb custom_padding=\u00bb0px||0px||true|false\u00bb locked=\u00bboff\u00bb global_colors_info=\u00bb{}\u00bb][et_pb_row column_structure=\u00bb1_2,1_2&#8243; use_custom_gutter=\u00bbon\u00bb gutter_width=\u00bb2&#8243; make_equal=\u00bbon\u00bb custom_padding_last_edited=\u00bboff|desktop\u00bb _builder_version=\u00bb4.13.0&#8243; max_width=\u00bb1200px\u00bb custom_padding=\u00bb0px||||false|false\u00bb custom_padding_tablet=\u00bb|||30px|false|false\u00bb global_colors_info=\u00bb{}\u00bb][et_pb_column type=\u00bb1_2&#8243; _builder_version=\u00bb4.4.7&#8243; background_color=\u00bb#f4f4f5&#8243; custom_padding=\u00bb6%|6%|6%|6%|true|true\u00bb global_colors_info=\u00bb{}\u00bb][\/et_pb_column][et_pb_column type=\u00bb1_2&#8243; _builder_version=\u00bb4.13.0&#8243; background_color=\u00bbgcid-e65d04dd-e92e-4ec7-b2eb-243a7f89dd78&#8243; vertical_offset=\u00bb7px\u00bb global_colors_info=\u00bb{%22gcid-e65d04dd-e92e-4ec7-b2eb-243a7f89dd78%22:%91%22background_color%22%93}\u00bb][et_pb_code _builder_version=\u00bb4.13.0&#8243; _module_preset=\u00bbdefault\u00bb custom_margin=\u00bb||85px|-25px||\u00bb global_colors_info=\u00bb{}\u00bb]<iframe loading=\"lazy\" style=\"border: 0;\" src=\"https:\/\/www.google.com\/maps\/embed?pb=!1m18!1m12!1m3!1d3762.516822440842!2d-99.17667757957224!3d19.43327182995014!2m3!1f0!2f0!3f0!3m2!1i1024!2i768!4f13.1!3m3!1m2!1s0x85d1f8b2f1cd133d%3A0x8172fd992585b415!2sShakespeare%20182%2C%20Anzures%2C%20Miguel%20Hidalgo%2C%2011590%20Ciudad%20de%20M%C3%A9xico%2C%20CDMX!5e0!3m2!1ses-419!2smx!4v1636669657210!5m2!1ses-419!2smx\" width=\"1200\" height=\"500\" allowfullscreen=\"allowfullscreen\"><\/iframe>[\/et_pb_code][\/et_pb_column][\/et_pb_row][et_pb_row _builder_version=\u00bb4.13.0&#8243; _module_preset=\u00bbdefault\u00bb locked=\u00bboff\u00bb global_colors_info=\u00bb{}\u00bb][et_pb_column type=\u00bb4_4&#8243; _builder_version=\u00bb4.13.0&#8243; _module_preset=\u00bbdefault\u00bb global_colors_info=\u00bb{}\u00bb][et_pb_button button_url=\u00bbhttp:\/\/wa.link\/f9jwpv\u00bb button_text=\u00bbConoce m\u00e1s\u00bb button_alignment=\u00bbcenter\u00bb _builder_version=\u00bb4.13.0&#8243; custom_button=\u00bbon\u00bb button_text_size=\u00bb14px\u00bb button_text_color=\u00bb#ffffff\u00bb button_bg_color=\u00bb#f79745&#8243; button_border_width=\u00bb0px\u00bb button_border_radius=\u00bb0px\u00bb button_letter_spacing=\u00bb5px\u00bb button_font=\u00bb|700||on|||||\u00bb custom_padding=\u00bb20px|30px|20px|30px|true|true\u00bb locked=\u00bboff\u00bb global_colors_info=\u00bb{}\u00bb][\/et_pb_button][\/et_pb_column][\/et_pb_row][\/et_pb_section]<\/p>\n","protected":false},"excerpt":{"rendered":"<p>Oficina Virtual\u00bfQu\u00e9 es Oficina 23? Oficina 23 es un concepto adaptado a las necesidades actuales de las peque\u00f1as y medianas empresas mexicanas. Ofrecemos espacios f\u00edsicos de oficina en renta para aquellas empresas que quieran establecerse en uno de los principales puntos de negocios en la Ciudad de M\u00e9xico, sin los excesivos costos que esto tiende [&hellip;]<\/p>\n","protected":false},"author":1,"featured_media":0,"parent":0,"menu_order":0,"comment_status":"closed","ping_status":"closed","template":"","meta":{"_et_pb_use_builder":"on","_et_pb_old_content":"","_et_gb_content_width":"","_mi_skip_tracking":false},"_links":{"self":[{"href":"https:\/\/oficina23.com.mx\/index.php\/wp-json\/wp\/v2\/pages\/231"}],"collection":[{"href":"https:\/\/oficina23.com.mx\/index.php\/wp-json\/wp\/v2\/pages"}],"about":[{"href":"https:\/\/oficina23.com.mx\/index.php\/wp-json\/wp\/v2\/types\/page"}],"author":[{"embeddable":true,"href":"https:\/\/oficina23.com.mx\/index.php\/wp-json\/wp\/v2\/users\/1"}],"replies":[{"embeddable":true,"href":"https:\/\/oficina23.com.mx\/index.php\/wp-json\/wp\/v2\/comments?post=231"}],"version-history":[{"count":27,"href":"https:\/\/oficina23.com.mx\/index.php\/wp-json\/wp\/v2\/pages\/231\/revisions"}],"predecessor-version":[{"id":2621,"href":"https:\/\/oficina23.com.mx\/index.php\/wp-json\/wp\/v2\/pages\/231\/revisions\/2621"}],"wp:attachment":[{"href":"https:\/\/oficina23.com.mx\/index.php\/wp-json\/wp\/v2\/media?parent=231"}],"curies":[{"name":"wp","href":"https:\/\/api.w.org\/{rel}","templated":true}]}}